{"id":27,"date":"2012-04-19T11:07:12","date_gmt":"2012-04-19T10:07:12","guid":{"rendered":"http:\/\/markosepl.com\/blog\/?page_id=27"},"modified":"2012-11-21T13:24:57","modified_gmt":"2012-11-21T12:24:57","slug":"kratka-izjava-umjetnika","status":"publish","type":"page","link":"https:\/\/markosepl.com\/blog\/kratka-izjava-umjetnika\/","title":{"rendered":"Kratka izjava umjetnika"},"content":{"rendered":"<p><img decoding=\"async\" src=\"http:\/\/www.facebook.com\/photo.php?fbid=4452681469429&#038;set=a.3846150666538.154813.1061306987&#038;type=3&#038;theater\" alt=\"\" \/> Moj glavni interes je umjetnost i kako pomo\u0107u nje interpretirati akcije koje se odvijaju oko i unutar mene.\u00a0Da li to bilo u kazalistu u nekom uredjenju unutarnjeg prostora ili u studiju. Mojem oku osje\u0107aji i do\u017eivljaji, grafi\u010dki i koloristi\u010dki, koje obuhva\u010da sama priroda sadr\u017ee jedan crte\u017e, jednu plastiku i atmosferu magi\u010dne prostorne geometrije. I zato vjerujem u fundamentalne stvari, dnevnu realnost te svjesnu du\u0161u koju sa srcem kipara, multimedijalnog umjetnika i &#8220;disharmoni\u010dkog pjesnika\u201d interpretiram dje\u010da\u010dkom sre\u0107om. Uostalom umjetnikovom oku se realnost unutarnja ili vanjska prikazuje transformirana te ovisi o njegovom temperamentu kao i o samom stanju svijesti. Jos u samim pocecima mojeg umjetnickog stvaranja forma spirale je pocela prevladavati u moji radovima, ne samo u fizickom smislu nego i u misaonom. Pocela me interesirati kao geometrijska figura prepuna znacenja koliko simbolickih i znanstvenih toliko i kozmickih. U tom pogledu moje skulpture su imale zivu snagu sunca i prikazuju tecnost forme. Moji radovi su put kroz moju privatnost (ideje, sjecanja, umjetnost, kulturu i povijest) i grade tijelo moje duse. Na kraju svatko u sebi trazi parametre svoje umjetnosti i inspiraciju. Prelazeci i na druge nacine izrazaja kao sto je performans uvijek zadrzavam tu nepobitnu unutarnju snagu umjetnika. Koristeci ljudsko (umjetnikovo) tijelo kao interaktivni medij sa kojim publika prolazi kroz  iskusenje, viziju, te u njemu trazi ili pronalazi sebe zadiruci dublje u svoju osobnost. U instalacijama dolazi do iste kemije i u njima ( ili bolje reci od njih ) ocekujem jednake stvari. Recimo da krecem od siromasnih, primarnih materijala i elemenata reorganiziranih u jednu strogu cijelinu koja se preko moje osobne optike pretvara u znakove  tihog alfabeta. Zadnji radovi  vise ukazuju na  opstanak prirode ali i na njenu ljepotu i smirenost a veliki utjecaj na samu filozofiju najljepse je docarao Goethe: &#8216;Onaj kome,  priroda pocinje otkrivati svoju ocitu tajnu, osjeca neodoljivu ceznju za svojim najdostojnijim tumacem, umjetnosti&#8217;.<\/p>\n","protected":false},"excerpt":{"rendered":"<p>Moj glavni interes je umjetnost i kako pomo\u0107u nje interpretirati akcije koje se odvijaju oko i unutar mene.\u00a0Da li to bilo u kazalistu u nekom uredjenju unutarnjeg prostora ili u &hellip;<\/p>\n","protected":false},"author":2,"featured_media":0,"parent":0,"menu_order":0,"comment_status":"closed","ping_status":"closed","template":"","meta":{"footnotes":""},"_links":{"self":[{"href":"https:\/\/markosepl.com\/blog\/wp-json\/wp\/v2\/pages\/27"}],"collection":[{"href":"https:\/\/markosepl.com\/blog\/wp-json\/wp\/v2\/pages"}],"about":[{"href":"https:\/\/markosepl.com\/blog\/wp-json\/wp\/v2\/types\/page"}],"author":[{"embeddable":true,"href":"https:\/\/markosepl.com\/blog\/wp-json\/wp\/v2\/users\/2"}],"replies":[{"embeddable":true,"href":"https:\/\/markosepl.com\/blog\/wp-json\/wp\/v2\/comments?post=27"}],"version-history":[{"count":13,"href":"https:\/\/markosepl.com\/blog\/wp-json\/wp\/v2\/pages\/27\/revisions"}],"predecessor-version":[{"id":1736,"href":"https:\/\/markosepl.com\/blog\/wp-json\/wp\/v2\/pages\/27\/revisions\/1736"}],"wp:attachment":[{"href":"https:\/\/markosepl.com\/blog\/wp-json\/wp\/v2\/media?parent=27"}],"curies":[{"name":"wp","href":"https:\/\/api.w.org\/{rel}","templated":true}]}}